{"id":13,"date":"2026-02-04T18:05:25","date_gmt":"2026-02-04T18:05:25","guid":{"rendered":"https:\/\/yoursky.de\/?page_id=13"},"modified":"2026-02-16T08:57:47","modified_gmt":"2026-02-16T07:57:47","slug":"impressum","status":"publish","type":"page","link":"https:\/\/yoursky.de\/en\/impressum\/","title":{"rendered":"Imprint"},"content":{"rendered":"<p><\/p>\n\n\n\n<p><\/p>\n\n\n\n<p class=\"has-large-font-size\"><br><strong>Imprint<\/strong><\/p>\n\n\n\n<p><strong>Angaben gem\u00e4\u00df \u00a7 5 TMG<\/strong><strong>:<\/strong><\/p>\n\n\n\n<p>Niclas Jensen<br>Otto-Lilienthal-Stra\u00dfe 23 h<br>27777 Ganderkesee<\/p>\n\n\n\n<p>Telefon: 04222 70960<\/p>\n\n\n\n<p>E-Mail:&nbsp;<a href=\"javascript:linkTo_UnCryptMailto('ocknvq,KphqB@qwtUma0fg');\">Info@YourSky.de<br><\/a>Internet:&nbsp;<a href=\"https:\/\/yoursky.de\/en\/\" target=\"_blank\" rel=\"noreferrer noopener\">www.YourSky.de<\/a><\/p>\n\n\n\n<p><strong>Umsatzsteuer-Identifikationsnummer<\/strong><br>gem\u00e4\u00df \u00a7 27 a Umsatzsteuergesetz:<br>in Vorbereitung<\/p>\n\n\n\n<p><strong>Online-Streitbeilegung:<br><\/strong>Die Europ\u00e4ische Kommission stellt unter&nbsp;<a href=\"https:\/\/ec.europa.eu\/consumers\/odr\/\" target=\"_blank\" rel=\"noreferrer noopener\">ec.europa.eu\/consumers\/odr\/<\/a>&nbsp;eine Plattform zur Online-Streitbeilegung bereit, die Verbraucher f\u00fcr die Beilegung einer Streitigkeit nutzen k\u00f6nnen und auf der weitere Informationen zum Thema Streitschlichtung zu finden sind.<\/p>\n\n\n\n<p><strong>Au\u00dfergerichtliche Streitbeilegung:<\/strong><br>Wir sind weder verpflichtet noch dazu bereit, im Falle einer Streitigkeit mit einem Verbraucher an einem Streitbeilegungsverfahren vor einer Verbraucherschlichtungsstelle teilzunehmen.<\/p>\n\n\n\n<p><strong>Inhaltlich Verantwortlicher<\/strong><br>gem\u00e4\u00df \u00a7 55 Abs. 2 RStV:<br>Niclas Jensen (Anschrift wie oben)<\/p>\n\n\n\n<p><strong>Haftungshinweis:<\/strong><br>Trotz sorgf\u00e4ltiger inhaltlicher Kontrolle zum Zeitpunkt des Setzen eines externen Links \u00fcbernehmen wir keine Haftung f\u00fcr die Inhalte externer Links. F\u00fcr den Inhalt der verlinkten Seiten sind ausschlie\u00dflich deren Betreiber verantwortlich.<\/p>\n\n\n\n<p>Sollten externe Links oder Angaben auf dieser Webseite gegen geltendes Recht versto\u00dfen, so bitten wir um kurzen Hinweis \u00fcber die oben angegebenen Kontaktformen.<\/p>\n\n\n\n<p><strong>Urheberrechtshinweis:<br><\/strong>Die Nennung von Warenzeichen und Markennamen auf dieser Homepage bedeutet nicht, dass diese frei von Rechten Dritter ist.<\/p>\n\n\n\n<p>Alle Abbildungen und Fotos auf dieser Webseite sind urheberrechtlich gesch\u00fctzt. Die Nutzung ohne schriftliche Genehmigung ist nicht gestattet.<\/p>","protected":false},"excerpt":{"rendered":"<p>Impressum Angaben gem\u00e4\u00df \u00a7 5 TMG: Niclas JensenOtto-Lilienthal-Stra\u00dfe 23 h27777 Ganderkesee Telefon: 04222 70960 E-Mail:&nbsp;Info@YourSky.deInternet:&nbsp;www.YourSky.de Umsatzsteuer-Identifikationsnummergem\u00e4\u00df \u00a7 27 a Umsatzsteuergesetz:in Vorbereitung Online-Streitbeilegung:Die Europ\u00e4ische Kommission stellt unter&nbsp;ec.europa.eu\/consumers\/odr\/&nbsp;eine Plattform zur Online-Streitbeilegung bereit, die Verbraucher f\u00fcr die Beilegung einer Streitigkeit nutzen k\u00f6nnen und auf der weitere Informationen zum Thema Streitschlichtung zu finden sind. Au\u00dfergerichtliche Streitbeilegung:Wir sind weder verpflichtet&#8230;<\/p>","protected":false},"author":1,"featured_media":0,"parent":0,"menu_order":0,"comment_status":"closed","ping_status":"closed","template":"","meta":{"_kadence_starter_templates_imported_post":false,"_kad_post_transparent":"","_kad_post_title":"","_kad_post_layout":"","_kad_post_sidebar_id":"","_kad_post_content_style":"","_kad_post_vertical_padding":"","_kad_post_feature":"","_kad_post_feature_position":"","_kad_post_header":false,"_kad_post_footer":false,"_kad_post_classname":"","footnotes":""},"class_list":["post-13","page","type-page","status-publish","hentry"],"yoast_head":"<!-- This site is optimized with the Yoast SEO plugin v27.4 - https:\/\/yoast.com\/product\/yoast-seo-wordpress\/ -->\n<title>Impressum | YourSky Fallschirmsprung<\/title>\n<meta name=\"description\" content=\"Wichtige Informationen zum Impressum und zur Online-Streitbeilegung finden Sie in unserem Artikel \u00fcber rechtliche Angaben.\" \/>\n<meta name=\"robots\" content=\"index, follow, max-snippet:-1, max-image-preview:large, max-video-preview:-1\" \/>\n<link rel=\"canonical\" href=\"https:\/\/yoursky.de\/en\/impressum\/\" \/>\n<meta property=\"og:locale\" content=\"en_GB\" \/>\n<meta property=\"og:type\" content=\"article\" \/>\n<meta property=\"og:title\" content=\"Impressum | YourSky Fallschirmsprung\" \/>\n<meta property=\"og:description\" content=\"Wichtige Informationen zum Impressum und zur Online-Streitbeilegung finden Sie in unserem Artikel \u00fcber rechtliche Angaben.\" \/>\n<meta property=\"og:url\" content=\"https:\/\/yoursky.de\/en\/impressum\/\" \/>\n<meta property=\"article:publisher\" content=\"https:\/\/www.facebook.com\/YourSkyLuftsport?locale=de_DE\" \/>\n<meta property=\"article:modified_time\" content=\"2026-02-16T07:57:47+00:00\" \/>\n<meta property=\"og:image\" content=\"https:\/\/yoursky.de\/wp-content\/uploads\/2026\/02\/GX0194713-scaled.jpg\" \/>\n\t<meta property=\"og:image:width\" content=\"2560\" \/>\n\t<meta property=\"og:image:height\" content=\"1440\" \/>\n\t<meta property=\"og:image:type\" content=\"image\/jpeg\" \/>\n<meta name=\"twitter:card\" content=\"summary_large_image\" \/>\n<meta name=\"twitter:label1\" content=\"Estimated reading time\" \/>\n\t<meta name=\"twitter:data1\" content=\"2 minutes\" \/>\n<script type=\"application\/ld+json\" class=\"yoast-schema-graph\">{\"@context\":\"https:\\\/\\\/schema.org\",\"@graph\":[{\"@type\":\"WebPage\",\"@id\":\"https:\\\/\\\/yoursky.de\\\/impressum\\\/\",\"url\":\"https:\\\/\\\/yoursky.de\\\/impressum\\\/\",\"name\":\"Impressum | YourSky Fallschirmsprung\",\"isPartOf\":{\"@id\":\"https:\\\/\\\/yoursky.de\\\/#website\"},\"datePublished\":\"2026-02-04T18:05:25+00:00\",\"dateModified\":\"2026-02-16T07:57:47+00:00\",\"description\":\"Wichtige Informationen zum Impressum und zur Online-Streitbeilegung finden Sie in unserem Artikel \u00fcber rechtliche Angaben.\",\"breadcrumb\":{\"@id\":\"https:\\\/\\\/yoursky.de\\\/impressum\\\/#breadcrumb\"},\"inLanguage\":\"en-GB\",\"potentialAction\":[{\"@type\":\"ReadAction\",\"target\":[\"https:\\\/\\\/yoursky.de\\\/impressum\\\/\"]}]},{\"@type\":\"BreadcrumbList\",\"@id\":\"https:\\\/\\\/yoursky.de\\\/impressum\\\/#breadcrumb\",\"itemListElement\":[{\"@type\":\"ListItem\",\"position\":1,\"name\":\"Start\",\"item\":\"https:\\\/\\\/yoursky.de\\\/\"},{\"@type\":\"ListItem\",\"position\":2,\"name\":\"Impressum\"}]},{\"@type\":\"WebSite\",\"@id\":\"https:\\\/\\\/yoursky.de\\\/#website\",\"url\":\"https:\\\/\\\/yoursky.de\\\/\",\"name\":\"Yoursky\",\"description\":\"\",\"publisher\":{\"@id\":\"https:\\\/\\\/yoursky.de\\\/#organization\"},\"potentialAction\":[{\"@type\":\"SearchAction\",\"target\":{\"@type\":\"EntryPoint\",\"urlTemplate\":\"https:\\\/\\\/yoursky.de\\\/?s={search_term_string}\"},\"query-input\":{\"@type\":\"PropertyValueSpecification\",\"valueRequired\":true,\"valueName\":\"search_term_string\"}}],\"inLanguage\":\"en-GB\"},{\"@type\":\"Organization\",\"@id\":\"https:\\\/\\\/yoursky.de\\\/#organization\",\"name\":\"Yoursky\",\"url\":\"https:\\\/\\\/yoursky.de\\\/\",\"logo\":{\"@type\":\"ImageObject\",\"inLanguage\":\"en-GB\",\"@id\":\"https:\\\/\\\/yoursky.de\\\/#\\\/schema\\\/logo\\\/image\\\/\",\"url\":\"https:\\\/\\\/yoursky.de\\\/wp-content\\\/uploads\\\/2026\\\/01\\\/cropped-ChatGPT_Image_28._Jan._2026__10_59_19-removebg-preview.png\",\"contentUrl\":\"https:\\\/\\\/yoursky.de\\\/wp-content\\\/uploads\\\/2026\\\/01\\\/cropped-ChatGPT_Image_28._Jan._2026__10_59_19-removebg-preview.png\",\"width\":612,\"height\":314,\"caption\":\"Yoursky\"},\"image\":{\"@id\":\"https:\\\/\\\/yoursky.de\\\/#\\\/schema\\\/logo\\\/image\\\/\"},\"sameAs\":[\"https:\\\/\\\/www.facebook.com\\\/YourSkyLuftsport?locale=de_DE\",\"https:\\\/\\\/www.instagram.com\\\/yourskyluftsport\\\/\",\"https:\\\/\\\/www.youtube.com\\\/@YourSkyLuftsport\"]}]}<\/script>\n<!-- \/ Yoast SEO plugin. -->","yoast_head_json":{"title":"Impressum | YourSky Fallschirmsprung","description":"Wichtige Informationen zum Impressum und zur Online-Streitbeilegung finden Sie in unserem Artikel \u00fcber rechtliche Angaben.","robots":{"index":"index","follow":"follow","max-snippet":"max-snippet:-1","max-image-preview":"max-image-preview:large","max-video-preview":"max-video-preview:-1"},"canonical":"https:\/\/yoursky.de\/en\/impressum\/","og_locale":"en_GB","og_type":"article","og_title":"Impressum | YourSky Fallschirmsprung","og_description":"Wichtige Informationen zum Impressum und zur Online-Streitbeilegung finden Sie in unserem Artikel \u00fcber rechtliche Angaben.","og_url":"https:\/\/yoursky.de\/en\/impressum\/","article_publisher":"https:\/\/www.facebook.com\/YourSkyLuftsport?locale=de_DE","article_modified_time":"2026-02-16T07:57:47+00:00","og_image":[{"width":2560,"height":1440,"url":"https:\/\/yoursky.de\/wp-content\/uploads\/2026\/02\/GX0194713-scaled.jpg","type":"image\/jpeg"}],"twitter_card":"summary_large_image","twitter_misc":{"Estimated reading time":"2 minutes"},"schema":{"@context":"https:\/\/schema.org","@graph":[{"@type":"WebPage","@id":"https:\/\/yoursky.de\/impressum\/","url":"https:\/\/yoursky.de\/impressum\/","name":"Impressum | YourSky Fallschirmsprung","isPartOf":{"@id":"https:\/\/yoursky.de\/#website"},"datePublished":"2026-02-04T18:05:25+00:00","dateModified":"2026-02-16T07:57:47+00:00","description":"Wichtige Informationen zum Impressum und zur Online-Streitbeilegung finden Sie in unserem Artikel \u00fcber rechtliche Angaben.","breadcrumb":{"@id":"https:\/\/yoursky.de\/impressum\/#breadcrumb"},"inLanguage":"en-GB","potentialAction":[{"@type":"ReadAction","target":["https:\/\/yoursky.de\/impressum\/"]}]},{"@type":"BreadcrumbList","@id":"https:\/\/yoursky.de\/impressum\/#breadcrumb","itemListElement":[{"@type":"ListItem","position":1,"name":"Start","item":"https:\/\/yoursky.de\/"},{"@type":"ListItem","position":2,"name":"Impressum"}]},{"@type":"WebSite","@id":"https:\/\/yoursky.de\/#website","url":"https:\/\/yoursky.de\/","name":"Yoursky","description":"","publisher":{"@id":"https:\/\/yoursky.de\/#organization"},"potentialAction":[{"@type":"SearchAction","target":{"@type":"EntryPoint","urlTemplate":"https:\/\/yoursky.de\/?s={search_term_string}"},"query-input":{"@type":"PropertyValueSpecification","valueRequired":true,"valueName":"search_term_string"}}],"inLanguage":"en-GB"},{"@type":"Organization","@id":"https:\/\/yoursky.de\/#organization","name":"Yoursky","url":"https:\/\/yoursky.de\/","logo":{"@type":"ImageObject","inLanguage":"en-GB","@id":"https:\/\/yoursky.de\/#\/schema\/logo\/image\/","url":"https:\/\/yoursky.de\/wp-content\/uploads\/2026\/01\/cropped-ChatGPT_Image_28._Jan._2026__10_59_19-removebg-preview.png","contentUrl":"https:\/\/yoursky.de\/wp-content\/uploads\/2026\/01\/cropped-ChatGPT_Image_28._Jan._2026__10_59_19-removebg-preview.png","width":612,"height":314,"caption":"Yoursky"},"image":{"@id":"https:\/\/yoursky.de\/#\/schema\/logo\/image\/"},"sameAs":["https:\/\/www.facebook.com\/YourSkyLuftsport?locale=de_DE","https:\/\/www.instagram.com\/yourskyluftsport\/","https:\/\/www.youtube.com\/@YourSkyLuftsport"]}]}},"_links":{"self":[{"href":"https:\/\/yoursky.de\/en\/wp-json\/wp\/v2\/pages\/13","targetHints":{"allow":["GET"]}}],"collection":[{"href":"https:\/\/yoursky.de\/en\/wp-json\/wp\/v2\/pages"}],"about":[{"href":"https:\/\/yoursky.de\/en\/wp-json\/wp\/v2\/types\/page"}],"author":[{"embeddable":true,"href":"https:\/\/yoursky.de\/en\/wp-json\/wp\/v2\/users\/1"}],"replies":[{"embeddable":true,"href":"https:\/\/yoursky.de\/en\/wp-json\/wp\/v2\/comments?post=13"}],"version-history":[{"count":1,"href":"https:\/\/yoursky.de\/en\/wp-json\/wp\/v2\/pages\/13\/revisions"}],"predecessor-version":[{"id":458,"href":"https:\/\/yoursky.de\/en\/wp-json\/wp\/v2\/pages\/13\/revisions\/458"}],"wp:attachment":[{"href":"https:\/\/yoursky.de\/en\/wp-json\/wp\/v2\/media?parent=13"}],"curies":[{"name":"wp","href":"https:\/\/api.w.org\/{rel}","templated":true}]}}